{"id":100,"date":"2024-09-28T17:03:04","date_gmt":"2024-09-28T17:03:04","guid":{"rendered":"https:\/\/atlastaste.ca\/?page_id=100"},"modified":"2024-12-27T03:16:25","modified_gmt":"2024-12-27T03:16:25","slug":"menu","status":"publish","type":"page","link":"https:\/\/atlastaste.ca\/en\/menu\/","title":{"rendered":"Take home catering"},"content":{"rendered":"<div class=\"wp-block-cover alignfull\"><span aria-hidden=\"true\" class=\"wp-block-cover__background has-black-background-color has-background-dim\"><\/span><img loading=\"lazy\" decoding=\"async\" width=\"1280\" height=\"720\" class=\"wp-block-cover__image-background wp-image-422\" alt=\"\" src=\"https:\/\/atlastaste.ca\/wp-content\/uploads\/2024\/10\/s2-2-rotated.jpg\" style=\"object-position:100% 49%\" data-object-fit=\"cover\" data-object-position=\"100% 49%\" srcset=\"https:\/\/atlastaste.ca\/wp-content\/uploads\/2024\/10\/s2-2-rotated.jpg 1280w, https:\/\/atlastaste.ca\/wp-content\/uploads\/2024\/10\/s2-2-300x169.jpg 300w, https:\/\/atlastaste.ca\/wp-content\/uploads\/2024\/10\/s2-2-1024x576.jpg 1024w, https:\/\/atlastaste.ca\/wp-content\/uploads\/2024\/10\/s2-2-768x432.jpg 768w\" sizes=\"auto, (max-width: 1280px) 100vw, 1280px\" \/><div class=\"wp-block-cover__inner-container is-layout-flow wp-block-cover-is-layout-flow\">\n<p class=\"has-text-align-center has-large-font-size\"><strong>Menu plats \u00e0 emporter<\/strong><\/p>\n<\/div><\/div>\n\n\n\n<div class=\"wp-block-cover alignfull is-light has-contrast-color has-text-color\" style=\"padding-top:0px;padding-bottom:0px\"><span aria-hidden=\"true\" class=\"wp-block-cover__background has-base-background-color has-background-dim-0 has-background-dim\"><\/span><div class=\"wp-block-cover__inner-container has-global-padding is-layout-constrained wp-container-core-cover-is-layout-d63c08a0 wp-block-cover-is-layout-constrained\">\n<h2 class=\"wp-block-heading has-text-align-center has-text-color\" style=\"color:#000000;margin-bottom:48px;font-size:clamp(23.043px, 1.44rem + ((1vw - 3.2px) * 1.7), 38px);font-style:normal;font-weight:700;line-height:1.3\"><strong>Soups and stews <\/strong><\/h2>\n\n\n\n<div class=\"wp-block-columns is-layout-flex wp-container-core-columns-is-layout-f2b4f319 wp-block-columns-is-layout-flex\">\n<div class=\"wp-block-column is-layout-flow wp-block-column-is-layout-flow\">\n<div class=\"wp-block-columns is-layout-flex wp-container-core-columns-is-layout-33ba964e wp-block-columns-is-layout-flex\">\n<div class=\"wp-block-column is-layout-flow wp-container-core-column-is-layout-b15f4bf2 wp-block-column-is-layout-flow\" style=\"flex-basis:80%\">\n<h4 class=\"wp-block-heading has-text-color\" style=\"color:#000000;margin-bottom:0px;font-size:clamp(14px, 0.875rem + ((1vw - 3.2px) * 0.682), 20px);font-style:normal;font-weight:700;line-height:1.4\">Harira : <strong><strong><strong>Moroccan soup <\/strong><\/strong><\/strong>1L<\/h4>\n\n\n\n<p class=\"has-text-color\" style=\"color:#000000;font-size:clamp(14px, 0.875rem + ((1vw - 3.2px) * 0.455), 18px);line-height:1.9\">Spicy and velvety soup made with tomatoes, lentils, chickpeas, meat...<\/p>\n<\/div>\n\n\n\n<div class=\"wp-block-column is-layout-flow wp-block-column-is-layout-flow\" style=\"flex-basis:60px\">\n<p class=\"has-text-align-center has-text-color\" style=\"color:#000000;padding-left:20px;font-size:clamp(14px, 0.875rem + ((1vw - 3.2px) * 0.455), 18px);line-height:1.6\">$25<\/p>\n<\/div>\n<\/div>\n<\/div>\n\n\n\n<div class=\"wp-block-column is-layout-flow wp-block-column-is-layout-flow\">\n<div class=\"wp-block-columns is-layout-flex wp-container-core-columns-is-layout-33ba964e wp-block-columns-is-layout-flex\">\n<div class=\"wp-block-column is-layout-flow wp-container-core-column-is-layout-b15f4bf2 wp-block-column-is-layout-flow\" style=\"flex-basis:80%\">\n<h4 class=\"wp-block-heading has-text-color\" style=\"color:#000000;margin-bottom:0px;font-size:clamp(14px, 0.875rem + ((1vw - 3.2px) * 0.682), 20px);font-style:normal;font-weight:700;line-height:1.4\">Bissara 1L <\/h4>\n\n\n\n<p class=\"has-text-color\" style=\"color:#000000;font-size:clamp(14px, 0.875rem + ((1vw - 3.2px) * 0.455), 18px);line-height:1.9\">Velvety soup made from dried beans and peas.<\/p>\n<\/div>\n\n\n\n<div class=\"wp-block-column is-layout-flow wp-block-column-is-layout-flow\" style=\"flex-basis:60px\">\n<p class=\"has-text-align-center has-text-color\" style=\"color:#000000;padding-left:20px;font-size:clamp(14px, 0.875rem + ((1vw - 3.2px) * 0.455), 18px);line-height:1.6\">$ 20<\/p>\n<\/div>\n<\/div>\n<\/div>\n<\/div>\n\n\n\n<h2 class=\"wp-block-heading has-text-align-center has-text-color\" style=\"color:#000000;margin-bottom:48px;font-size:clamp(23.043px, 1.44rem + ((1vw - 3.2px) * 1.7), 38px);font-style:normal;font-weight:700;line-height:1.3\"><strong>Mini appetizers <\/strong><\/h2>\n\n\n\n<div class=\"wp-block-columns is-layout-flex wp-container-core-columns-is-layout-f2b4f319 wp-block-columns-is-layout-flex\">\n<div class=\"wp-block-column is-layout-flow wp-block-column-is-layout-flow\">\n<div class=\"wp-block-columns is-layout-flex wp-container-core-columns-is-layout-33ba964e wp-block-columns-is-layout-flex\">\n<div class=\"wp-block-column is-layout-flow wp-container-core-column-is-layout-b15f4bf2 wp-block-column-is-layout-flow\" style=\"flex-basis:80%\">\n<h4 class=\"wp-block-heading has-text-color\" style=\"color:#000000;margin-bottom:0px;font-size:clamp(14px, 0.875rem + ((1vw - 3.2px) * 0.682), 20px);font-style:normal;font-weight:700;line-height:1.4\"><strong><strong><strong>6 Nems \u00e0 la Kefta<\/strong><\/strong><\/strong><\/h4>\n\n\n\n<p class=\"has-text-color\" style=\"color:#000000;font-size:clamp(14px, 0.875rem + ((1vw - 3.2px) * 0.341), 17px);line-height:1.9\">Viande hach\u00e9, poivron, charmoula, vermicelle &#8230;<\/p>\n<\/div>\n\n\n\n<div class=\"wp-block-column is-layout-flow wp-block-column-is-layout-flow\" style=\"flex-basis:60px\">\n<p class=\"has-text-align-center has-text-color\" style=\"color:#000000;padding-left:20px;font-size:clamp(14px, 0.875rem + ((1vw - 3.2px) * 0.455), 18px);line-height:1.6\">$28 <\/p>\n<\/div>\n<\/div>\n<\/div>\n\n\n\n<div class=\"wp-block-column is-layout-flow wp-block-column-is-layout-flow\">\n<div class=\"wp-block-columns is-layout-flex wp-container-core-columns-is-layout-33ba964e wp-block-columns-is-layout-flex\">\n<div class=\"wp-block-column is-layout-flow wp-container-core-column-is-layout-b15f4bf2 wp-block-column-is-layout-flow\" style=\"flex-basis:80%\">\n<h4 class=\"wp-block-heading has-text-color\" style=\"color:#000000;margin-bottom:0px;font-size:clamp(14px, 0.875rem + ((1vw - 3.2px) * 0.682), 20px);font-style:normal;font-weight:700;line-height:1.4\"><strong><strong>4 Mini chicken pastilla<\/strong><\/strong><\/h4>\n\n\n\n<p class=\"has-text-color\" style=\"color:#000000;font-size:clamp(14px, 0.875rem + ((1vw - 3.2px) * 0.341), 17px);line-height:1.9\">Poulet, sauce Daghmigha, miel, amandes &#8230;<\/p>\n<\/div>\n\n\n\n<div class=\"wp-block-column is-layout-flow wp-block-column-is-layout-flow\" style=\"flex-basis:60px\">\n<p class=\"has-text-align-center has-text-color\" style=\"color:#000000;padding-left:20px;font-size:clamp(14px, 0.875rem + ((1vw - 3.2px) * 0.455), 18px);line-height:1.6\">$ 30<\/p>\n<\/div>\n<\/div>\n<\/div>\n\n\n\n<div class=\"wp-block-column is-layout-flow wp-block-column-is-layout-flow\">\n<div class=\"wp-block-columns is-layout-flex wp-container-core-columns-is-layout-33ba964e wp-block-columns-is-layout-flex\">\n<div class=\"wp-block-column is-layout-flow wp-container-core-column-is-layout-b15f4bf2 wp-block-column-is-layout-flow\" style=\"flex-basis:80%\">\n<h4 class=\"wp-block-heading has-text-color\" style=\"color:#000000;margin-bottom:0px;font-size:clamp(14px, 0.875rem + ((1vw - 3.2px) * 0.682), 20px);font-style:normal;font-weight:700;line-height:1.4\"><strong><strong>4 Mini seafood pastilla (Pie)<\/strong><\/strong><\/h4>\n\n\n\n<p class=\"has-text-color\" style=\"color:#000000;font-size:clamp(14px, 0.875rem + ((1vw - 3.2px) * 0.341), 17px);line-height:1.9\">Moroccan beef tagine with sweet and savory flavors, featuring tender beef, juicy prunes, and fragrant dried apricots.   <\/p>\n<\/div>\n\n\n\n<div class=\"wp-block-column is-layout-flow wp-block-column-is-layout-flow\" style=\"flex-basis:60px\">\n<p class=\"has-text-align-center has-text-color\" style=\"color:#000000;padding-left:20px;font-size:clamp(14px, 0.875rem + ((1vw - 3.2px) * 0.455), 18px);\">$32<\/p>\n<\/div>\n<\/div>\n<\/div>\n<\/div>\n\n\n\n<h2 class=\"wp-block-heading has-text-align-center has-text-color\" style=\"color:#000000;margin-top:32px;margin-bottom:48px;font-size:clamp(23.043px, 1.44rem + ((1vw - 3.2px) * 1.7), 38px);font-style:normal;font-weight:700;line-height:1.3\"><strong><strong>Main courses<\/strong><\/strong><\/h2>\n\n\n\n<div class=\"wp-block-columns is-layout-flex wp-container-core-columns-is-layout-45cbc8db wp-block-columns-is-layout-flex\" style=\"margin-bottom:32px\">\n<div class=\"wp-block-column is-layout-flow wp-block-column-is-layout-flow\">\n<div class=\"wp-block-columns is-layout-flex wp-container-core-columns-is-layout-33ba964e wp-block-columns-is-layout-flex\">\n<div class=\"wp-block-column is-layout-flow wp-container-core-column-is-layout-b15f4bf2 wp-block-column-is-layout-flow\" style=\"flex-basis:80%\">\n<h4 class=\"wp-block-heading has-text-color\" style=\"color:#000000;margin-bottom:0px;font-size:clamp(14px, 0.875rem + ((1vw - 3.2px) * 0.682), 20px);font-style:normal;font-weight:700;line-height:1.4\"><strong><strong><strong>Chicken pastilla <\/strong><\/strong><\/strong><\/h4>\n\n\n\n<p>Serve 10 people<\/p>\n\n\n\n<p class=\"has-text-color\" style=\"color:#000000;font-size:clamp(14px, 0.875rem + ((1vw - 3.2px) * 0.341), 17px);line-height:1.9\">Chicken, Daghmigha sauce, honey, almonds<\/p>\n<\/div>\n\n\n\n<div class=\"wp-block-column is-layout-flow wp-block-column-is-layout-flow\" style=\"flex-basis:60px\">\n<p class=\"has-text-align-center has-text-color\" style=\"color:#000000;padding-left:20px;font-size:clamp(14px, 0.875rem + ((1vw - 3.2px) * 0.341), 17px);line-height:1.6\">$200<\/p>\n<\/div>\n<\/div>\n<\/div>\n\n\n\n<div class=\"wp-block-column is-layout-flow wp-block-column-is-layout-flow\">\n<div class=\"wp-block-columns is-layout-flex wp-container-core-columns-is-layout-33ba964e wp-block-columns-is-layout-flex\">\n<div class=\"wp-block-column is-layout-flow wp-container-core-column-is-layout-b15f4bf2 wp-block-column-is-layout-flow\" style=\"flex-basis:80%\">\n<h4 class=\"wp-block-heading has-text-color\" style=\"color:#000000;margin-bottom:0px;font-size:clamp(14px, 0.875rem + ((1vw - 3.2px) * 0.682), 20px);font-style:normal;font-weight:700;line-height:1.4\"><strong><strong><strong>Seafood pastilla (Pie) <\/strong><\/strong><\/strong><\/h4>\n\n\n\n<p>Serve 10 people<\/p>\n\n\n\n<p class=\"has-text-color\" style=\"color:#000000;font-size:clamp(14px, 0.875rem + ((1vw - 3.2px) * 0.341), 17px);line-height:1.9\">Moroccan beef tagine with sweet and savory flavors, featuring tender beef, juicy prunes, and fragrant dried apricots. <\/p>\n<\/div>\n\n\n\n<div class=\"wp-block-column is-layout-flow wp-block-column-is-layout-flow\" style=\"flex-basis:60px\">\n<p class=\"has-text-align-center has-text-color\" style=\"color:#000000;padding-left:20px;font-size:clamp(14px, 0.875rem + ((1vw - 3.2px) * 0.341), 17px);line-height:1.6\">$210<\/p>\n<\/div>\n<\/div>\n<\/div>\n<\/div>\n\n\n\n<div class=\"wp-block-columns is-layout-flex wp-container-core-columns-is-layout-45cbc8db wp-block-columns-is-layout-flex\" style=\"margin-bottom:32px\">\n<div class=\"wp-block-column is-layout-flow wp-block-column-is-layout-flow\">\n<div class=\"wp-block-columns is-layout-flex wp-container-core-columns-is-layout-33ba964e wp-block-columns-is-layout-flex\">\n<div class=\"wp-block-column is-layout-flow wp-container-core-column-is-layout-b15f4bf2 wp-block-column-is-layout-flow\" style=\"flex-basis:80%\">\n<h4 class=\"wp-block-heading has-text-color\" style=\"color:#000000;margin-bottom:0px;font-size:clamp(14px, 0.875rem + ((1vw - 3.2px) * 0.682), 20px);font-style:normal;font-weight:700;line-height:1.4\"><strong><strong><strong>Oven-baked sea bream  <\/strong><\/strong><\/strong><\/h4>\n\n\n\n<p>Serve 10 people<\/p>\n\n\n\n<p class=\"has-text-color\" style=\"color:#000000;font-size:clamp(14px, 0.875rem + ((1vw - 3.2px) * 0.341), 17px);line-height:1.9\">Dorade royale, l\u00e9gumes, sauce charmoula &#8230;<\/p>\n<\/div>\n\n\n\n<div class=\"wp-block-column is-layout-flow wp-block-column-is-layout-flow\" style=\"flex-basis:60px\">\n<p class=\"has-text-align-center has-text-color\" style=\"color:#000000;padding-left:20px;font-size:clamp(14px, 0.875rem + ((1vw - 3.2px) * 0.341), 17px);line-height:1.6\">$180<\/p>\n<\/div>\n<\/div>\n<\/div>\n\n\n\n<div class=\"wp-block-column is-layout-flow wp-block-column-is-layout-flow\">\n<div class=\"wp-block-columns is-layout-flex wp-container-core-columns-is-layout-33ba964e wp-block-columns-is-layout-flex\">\n<div class=\"wp-block-column is-layout-flow wp-container-core-column-is-layout-b15f4bf2 wp-block-column-is-layout-flow\" style=\"flex-basis:80%\">\n<h4 class=\"wp-block-heading has-text-color\" style=\"color:#000000;margin-bottom:0px;font-size:clamp(14px, 0.875rem + ((1vw - 3.2px) * 0.682), 20px);font-style:normal;font-weight:700;line-height:1.4\"><strong><strong><strong>Beef tagine with dries prunes and apricots<\/strong><\/strong><\/strong><\/h4>\n\n\n\n<p>Serve 10 people <\/p>\n\n\n\n<p class=\"has-text-color\" style=\"color:#000000;font-size:clamp(14px, 0.875rem + ((1vw - 3.2px) * 0.341), 17px);line-height:1.9\">Jarret de b\u0153uf, pruneau et abricot s\u00e9ch\u00e9&#8230; <\/p>\n<\/div>\n\n\n\n<div class=\"wp-block-column is-layout-flow wp-block-column-is-layout-flow\" style=\"flex-basis:60px\">\n<p class=\"has-text-align-center has-text-color\" style=\"color:#000000;padding-left:20px;font-size:clamp(14px, 0.875rem + ((1vw - 3.2px) * 0.341), 17px);line-height:1.6\">$190<\/p>\n<\/div>\n<\/div>\n<\/div>\n<\/div>\n\n\n\n<h2 class=\"wp-block-heading has-text-align-center has-text-color\" style=\"color:#000000;margin-top:42px;margin-bottom:48px;font-size:clamp(23.043px, 1.44rem + ((1vw - 3.2px) * 1.7), 38px);font-style:normal;font-weight:700;line-height:1.3\">Desserts <\/h2>\n\n\n\n<div class=\"wp-block-columns is-layout-flex wp-container-core-columns-is-layout-45cbc8db wp-block-columns-is-layout-flex\" style=\"margin-bottom:32px\">\n<div class=\"wp-block-column is-layout-flow wp-block-column-is-layout-flow\">\n<div class=\"wp-block-columns is-layout-flex wp-container-core-columns-is-layout-33ba964e wp-block-columns-is-layout-flex\">\n<div class=\"wp-block-column is-layout-flow wp-container-core-column-is-layout-b15f4bf2 wp-block-column-is-layout-flow\" style=\"flex-basis:80%\">\n<h4 class=\"wp-block-heading has-text-color\" style=\"color:#000000;margin-bottom:0px;font-size:clamp(14px, 0.875rem + ((1vw - 3.2px) * 0.682), 20px);font-style:normal;font-weight:700;line-height:1.4\"><strong><strong><strong><strong>Oriental-style milk pudding <\/strong><\/strong><\/strong><\/strong><\/h4>\n\n\n\n<p>8 pots<\/p>\n\n\n\n<p class=\"has-text-color\" style=\"color:#000000;font-size:clamp(14px, 0.875rem + ((1vw - 3.2px) * 0.455), 18px);line-height:1.9\">Milk, corn starch, sugar, orange blossom water, almond...<\/p>\n<\/div>\n\n\n\n<div class=\"wp-block-column is-layout-flow wp-block-column-is-layout-flow\" style=\"flex-basis:60px\">\n<p class=\"has-text-align-center has-text-color\" style=\"color:#000000;padding-left:20px;font-size:clamp(14px, 0.875rem + ((1vw - 3.2px) * 0.455), 18px);line-height:1.6\">$24<\/p>\n<\/div>\n<\/div>\n<\/div>\n\n\n\n<div class=\"wp-block-column is-layout-flow wp-block-column-is-layout-flow\">\n<div class=\"wp-block-columns is-layout-flex wp-container-core-columns-is-layout-33ba964e wp-block-columns-is-layout-flex\">\n<div class=\"wp-block-column is-layout-flow wp-container-core-column-is-layout-b15f4bf2 wp-block-column-is-layout-flow\" style=\"flex-basis:80%\">\n<h4 class=\"wp-block-heading has-text-color\" style=\"color:#000000;margin-bottom:0px;font-size:clamp(14px, 0.875rem + ((1vw - 3.2px) * 0.682), 20px);font-style:normal;font-weight:700;line-height:1.4\"><strong><strong><strong><strong>Basboussa <\/strong><\/strong><\/strong><\/strong><\/h4>\n\n\n\n<p>pour 8 personnes<\/p>\n\n\n\n<p class=\"has-text-color\" style=\"color:#000000;font-size:clamp(14px, 0.875rem + ((1vw - 3.2px) * 0.455), 18px);line-height:1.9\">Semolina, coconut flakes, granulated sugar, orange blossom water, eggs, unsalted butter ... <\/p>\n<\/div>\n\n\n\n<div class=\"wp-block-column is-layout-flow wp-block-column-is-layout-flow\" style=\"flex-basis:60px\">\n<p class=\"has-text-align-center has-text-color\" style=\"color:#000000;padding-left:20px;font-size:clamp(14px, 0.875rem + ((1vw - 3.2px) * 0.455), 18px);line-height:1.6\">$28<\/p>\n<\/div>\n<\/div>\n<\/div>\n\n\n\n<div class=\"wp-block-column is-layout-flow wp-block-column-is-layout-flow\">\n<div class=\"wp-block-columns is-layout-flex wp-container-core-columns-is-layout-33ba964e wp-block-columns-is-layout-flex\">\n<div class=\"wp-block-column is-layout-flow wp-container-core-column-is-layout-b15f4bf2 wp-block-column-is-layout-flow\" style=\"flex-basis:80%\">\n<h4 class=\"wp-block-heading has-text-color\" style=\"color:#000000;margin-bottom:0px;font-size:clamp(14px, 0.875rem + ((1vw - 3.2px) * 0.682), 20px);font-style:normal;font-weight:700;line-height:1.4\"><strong><strong><strong><strong>Chocolate infused with amlou <\/strong><\/strong><\/strong><\/strong><\/h4>\n\n\n\n<p>12 homemade chocolates <\/p>\n\n\n\n<p class=\"has-text-color\" style=\"color:#000000;font-size:clamp(14px, 0.875rem + ((1vw - 3.2px) * 0.455), 18px);line-height:1.9\">Chocolate with almond amlou and argan oil <\/p>\n<\/div>\n\n\n\n<div class=\"wp-block-column is-layout-flow wp-block-column-is-layout-flow\" style=\"flex-basis:60px\">\n<p class=\"has-text-align-center has-text-color\" style=\"color:#000000;padding-left:20px;font-size:clamp(14px, 0.875rem + ((1vw - 3.2px) * 0.455), 18px);line-height:1.6\">$30<\/p>\n<\/div>\n<\/div>\n<\/div>\n<\/div>\n<\/div><\/div>\n\n\n\n<div class=\"wp-block-cover alignfull has-custom-content-position is-position-bottom-center\" style=\"margin-top:0;margin-bottom:0;padding-top:150px;padding-bottom:150px\"><span aria-hidden=\"true\" class=\"wp-block-cover__background has-black-background-color has-background-dim-60 has-background-dim\"><\/span><img loading=\"lazy\" decoding=\"async\" width=\"1920\" height=\"2560\" class=\"wp-block-cover__image-background wp-image-428\" alt=\"\" src=\"https:\/\/atlastaste.ca\/wp-content\/uploads\/2024\/10\/chloe-lefleur-sM5Z0L4E7Lo-unsplash.jpg\" style=\"object-position:48% 46%\" data-object-fit=\"cover\" data-object-position=\"48% 46%\" srcset=\"https:\/\/atlastaste.ca\/wp-content\/uploads\/2024\/10\/chloe-lefleur-sM5Z0L4E7Lo-unsplash.jpg 1920w, https:\/\/atlastaste.ca\/wp-content\/uploads\/2024\/10\/chloe-lefleur-sM5Z0L4E7Lo-unsplash-225x300.jpg 225w, https:\/\/atlastaste.ca\/wp-content\/uploads\/2024\/10\/chloe-lefleur-sM5Z0L4E7Lo-unsplash-768x1024.jpg 768w, https:\/\/atlastaste.ca\/wp-content\/uploads\/2024\/10\/chloe-lefleur-sM5Z0L4E7Lo-unsplash-1152x1536.jpg 1152w, https:\/\/atlastaste.ca\/wp-content\/uploads\/2024\/10\/chloe-lefleur-sM5Z0L4E7Lo-unsplash-1536x2048.jpg 1536w\" sizes=\"auto, (max-width: 1920px) 100vw, 1920px\" \/><div class=\"wp-block-cover__inner-container has-global-padding is-layout-constrained wp-container-core-cover-is-layout-565f2eb5 wp-block-cover-is-layout-constrained\">\n<h1 class=\"wp-block-heading has-text-align-center has-text-color\" style=\"color:#ffffff;font-size:clamp(28.836px, 1.802rem + ((1vw - 3.2px) * 2.405), 50px);font-style:normal;font-weight:700;line-height:1.1\">Place your order now !<\/h1>\n\n\n\n<p class=\"has-text-align-center has-text-color\" style=\"color:#ffffff;margin-top:30px;margin-right:0;font-size:clamp(17.371px, 1.086rem + ((1vw - 3.2px) * 1.094), 27px);line-height:1.8\">Free delivery in Ottawa and Gatineau every weekend on purchases of $100 and over  <\/p>\n\n\n\n<div class=\"wp-block-columns is-layout-flex wp-container-core-columns-is-layout-394952b5 wp-block-columns-is-layout-flex\">\n<div class=\"wp-block-column is-vertically-aligned-top has-global-padding is-layout-constrained wp-container-core-column-is-layout-d4f51017 wp-block-column-is-layout-constrained\" style=\"padding-left:1rem\">\n<div class=\"wp-block-columns is-not-stacked-on-mobile is-layout-flex wp-container-core-columns-is-layout-7e464bea wp-block-columns-is-layout-flex\">\n<div class=\"wp-block-column is-layout-flow wp-block-column-is-layout-flow\" style=\"flex-basis:20%\">\n<figure class=\"wp-block-image size-full is-resized\"><img loading=\"lazy\" decoding=\"async\" width=\"500\" height=\"500\" src=\"https:\/\/atlastaste.ca\/wp-content\/uploads\/2024\/10\/Abder-1.png\" alt=\"\" class=\"wp-image-349\" style=\"width:80px;height:auto\" srcset=\"https:\/\/atlastaste.ca\/wp-content\/uploads\/2024\/10\/Abder-1.png 500w, https:\/\/atlastaste.ca\/wp-content\/uploads\/2024\/10\/Abder-1-300x300.png 300w, https:\/\/atlastaste.ca\/wp-content\/uploads\/2024\/10\/Abder-1-150x150.png 150w\" sizes=\"auto, (max-width: 500px) 100vw, 500px\" \/><\/figure>\n<\/div>\n\n\n\n<div class=\"wp-block-column is-layout-flow wp-block-column-is-layout-flow\" style=\"flex-basis:100%\">\n<h6 class=\"wp-block-heading has-text-align-left has-text-color\" style=\"color:#b0f4c5;margin-bottom:0.51rem;font-size:clamp(0.875rem, 0.875rem + ((1vw - 0.2rem) * 0.645), 1.23rem);font-style:normal;font-weight:400;line-height:1.3;text-transform:capitalize\"><strong>   Abder<\/strong><\/h6>\n\n\n\n<p class=\"has-text-align-left has-text-color has-link-color wp-elements-8178d014d95681b295439b13d4c90908\" style=\"color:#ffffff;margin-top:0px;margin-bottom:0.51rem;font-size:clamp(0.875em, 0.875rem + ((1vw - 0.2em) * 0.064), 0.91em);font-style:normal;font-weight:400;line-height:1.5;text-decoration:none\">    Phone : +1613.252.89.13<\/p>\n\n\n\n<p class=\"has-text-align-left has-text-color has-link-color wp-elements-1eacd8ccabdab6f1f5cdae2dd0031418\" style=\"color:#ffffff;margin-top:0px;font-size:clamp(0.875em, 0.875rem + ((1vw - 0.2em) * 0.064), 0.91em);font-style:normal;font-weight:400;line-height:1.5;text-decoration:none\">    Email : <a href=\"mailto:#\">abder<\/a>@atlastaste.ca<\/p>\n<\/div>\n<\/div>\n<\/div>\n\n\n\n<div class=\"wp-block-column is-vertically-aligned-top has-global-padding is-layout-constrained wp-container-core-column-is-layout-d4f51017 wp-block-column-is-layout-constrained\" style=\"padding-left:1rem\">\n<div class=\"wp-block-columns is-not-stacked-on-mobile is-layout-flex wp-container-core-columns-is-layout-7e464bea wp-block-columns-is-layout-flex\">\n<div class=\"wp-block-column is-layout-flow wp-block-column-is-layout-flow\" style=\"flex-basis:20%\">\n<figure class=\"wp-block-image size-full is-resized\"><img loading=\"lazy\" decoding=\"async\" width=\"500\" height=\"500\" src=\"https:\/\/atlastaste.ca\/wp-content\/uploads\/2024\/10\/chai-1.png\" alt=\"\" class=\"wp-image-350\" style=\"width:75px;height:auto\" srcset=\"https:\/\/atlastaste.ca\/wp-content\/uploads\/2024\/10\/chai-1.png 500w, https:\/\/atlastaste.ca\/wp-content\/uploads\/2024\/10\/chai-1-300x300.png 300w, https:\/\/atlastaste.ca\/wp-content\/uploads\/2024\/10\/chai-1-150x150.png 150w\" sizes=\"auto, (max-width: 500px) 100vw, 500px\" \/><\/figure>\n<\/div>\n\n\n\n<div class=\"wp-block-column is-layout-flow wp-block-column-is-layout-flow\" style=\"flex-basis:100%\">\n<h6 class=\"wp-block-heading has-text-align-left has-text-color\" style=\"color:#b0f4c5;margin-bottom:0.51rem;font-size:clamp(0.875rem, 0.875rem + ((1vw - 0.2rem) * 0.645), 1.23rem);font-style:normal;font-weight:400;line-height:1.3;text-transform:capitalize\">   <strong>Chaimae<\/strong><\/h6>\n\n\n\n<p class=\"has-text-align-left has-text-color has-link-color wp-elements-38933a406a5e2bf0a18322679d03d185\" style=\"color:#ffffff;margin-top:0px;margin-bottom:0.51rem;font-size:clamp(0.875em, 0.875rem + ((1vw - 0.2em) * 0.064), 0.91em);font-style:normal;font-weight:400;line-height:1.5;text-decoration:none\">    Phone : +1613.261.32.86<\/p>\n\n\n\n<p class=\"has-text-align-left has-text-color has-link-color wp-elements-488e4553135ee2262c3880656cfed17a\" style=\"color:#ffffff;margin-top:0px;font-size:clamp(0.875em, 0.875rem + ((1vw - 0.2em) * 0.064), 0.91em);font-style:normal;font-weight:400;line-height:1.5;text-decoration:none\">    Email : chaimae@atlastaste.ca<\/p>\n<\/div>\n<\/div>\n<\/div>\n<\/div>\n\n\n\n<div class=\"wp-block-buttons is-content-justification-center is-layout-flex wp-container-core-buttons-is-layout-660f9ef0 wp-block-buttons-is-layout-flex\" style=\"margin-top:40px\">\n<div class=\"wp-block-button has-custom-width wp-block-button__width-25\"><a class=\"wp-block-button__link has-text-color has-background has-link-color wp-element-button\" href=\"https:\/\/atlastaste.ca\/en\/parlons-saveurs\/\" style=\"color:#7d1515;background-color:#ffffff\">C&rsquo;est Parti !<\/a><\/div>\n<\/div>\n<\/div><\/div>\n\n\n\n<p><\/p>","protected":false},"excerpt":{"rendered":"","protected":false},"author":1,"featured_media":0,"parent":0,"menu_order":0,"comment_status":"closed","ping_status":"closed","template":"","meta":{"_monsterinsights_skip_tracking":false,"_monsterinsights_sitenote_active":false,"_monsterinsights_sitenote_note":"","_monsterinsights_sitenote_category":0,"footnotes":""},"class_list":["post-100","page","type-page","status-publish","hentry"],"aioseo_notices":[],"_links":{"self":[{"href":"https:\/\/atlastaste.ca\/en\/wp-json\/wp\/v2\/pages\/100","targetHints":{"allow":["GET"]}}],"collection":[{"href":"https:\/\/atlastaste.ca\/en\/wp-json\/wp\/v2\/pages"}],"about":[{"href":"https:\/\/atlastaste.ca\/en\/wp-json\/wp\/v2\/types\/page"}],"author":[{"embeddable":true,"href":"https:\/\/atlastaste.ca\/en\/wp-json\/wp\/v2\/users\/1"}],"replies":[{"embeddable":true,"href":"https:\/\/atlastaste.ca\/en\/wp-json\/wp\/v2\/comments?post=100"}],"version-history":[{"count":21,"href":"https:\/\/atlastaste.ca\/en\/wp-json\/wp\/v2\/pages\/100\/revisions"}],"predecessor-version":[{"id":645,"href":"https:\/\/atlastaste.ca\/en\/wp-json\/wp\/v2\/pages\/100\/revisions\/645"}],"wp:attachment":[{"href":"https:\/\/atlastaste.ca\/en\/wp-json\/wp\/v2\/media?parent=100"}],"curies":[{"name":"wp","href":"https:\/\/api.w.org\/{rel}","templated":true}]}}