{"id":432,"date":"2024-10-21T03:48:50","date_gmt":"2024-10-21T03:48:50","guid":{"rendered":"https:\/\/atlastaste.ca\/?page_id=432"},"modified":"2024-11-12T02:28:30","modified_gmt":"2024-11-12T02:28:30","slug":"menu-buffet","status":"publish","type":"page","link":"https:\/\/atlastaste.ca\/en\/menu-buffet\/","title":{"rendered":"Buffet service"},"content":{"rendered":"<div class=\"wp-block-cover alignfull\"><span aria-hidden=\"true\" class=\"wp-block-cover__background has-black-background-color has-background-dim\"><\/span><img loading=\"lazy\" decoding=\"async\" width=\"700\" height=\"695\" class=\"wp-block-cover__image-background wp-image-532\" alt=\"\" src=\"https:\/\/atlastaste.ca\/wp-content\/uploads\/2024\/11\/Afrosaveursexpo-053.jpg\" data-object-fit=\"cover\" srcset=\"https:\/\/atlastaste.ca\/wp-content\/uploads\/2024\/11\/Afrosaveursexpo-053.jpg 700w, https:\/\/atlastaste.ca\/wp-content\/uploads\/2024\/11\/Afrosaveursexpo-053-300x298.jpg 300w, https:\/\/atlastaste.ca\/wp-content\/uploads\/2024\/11\/Afrosaveursexpo-053-150x150.jpg 150w\" sizes=\"auto, (max-width: 700px) 100vw, 700px\" \/><div class=\"wp-block-cover__inner-container is-layout-flow wp-block-cover-is-layout-flow\">\n<p class=\"has-text-align-center has-large-font-size\"><strong>Menu service buffet <\/strong><\/p>\n<\/div><\/div>\n\n\n\n<div class=\"wp-block-cover alignfull is-light has-contrast-color has-text-color\" style=\"padding-top:0px;padding-bottom:0px\"><span aria-hidden=\"true\" class=\"wp-block-cover__background has-base-background-color has-background-dim-0 has-background-dim\"><\/span><div class=\"wp-block-cover__inner-container has-global-padding is-layout-constrained wp-container-core-cover-is-layout-d63c08a0 wp-block-cover-is-layout-constrained\">\n<h2 class=\"wp-block-heading has-text-align-center has-text-color\" style=\"color:#000000;margin-bottom:48px;font-size:clamp(23.043px, 1.44rem + ((1vw - 3.2px) * 1.7), 38px);font-style:normal;font-weight:700;line-height:1.3\"><strong>D\u00e9lices marocains en verrines et canap\u00e9s<\/strong><\/h2>\n\n\n\n<div class=\"wp-block-columns is-layout-flex wp-container-core-columns-is-layout-f2b4f319 wp-block-columns-is-layout-flex\">\n<div class=\"wp-block-column is-layout-flow wp-block-column-is-layout-flow\">\n<div class=\"wp-block-columns is-layout-flex wp-container-core-columns-is-layout-33ba964e wp-block-columns-is-layout-flex\">\n<div class=\"wp-block-column is-layout-flow wp-container-core-column-is-layout-b15f4bf2 wp-block-column-is-layout-flow\" style=\"flex-basis:80%\">\n<h4 class=\"wp-block-heading has-text-align-center has-text-color\" style=\"color:#000000;margin-bottom:0px;font-size:clamp(14px, 0.875rem + ((1vw - 3.2px) * 0.682), 20px);font-style:normal;font-weight:700;line-height:1.4\">Assortiment de salades marocaines en verrines et canap\u00e9s<\/h4>\n\n\n\n<p class=\"has-text-color\" style=\"color:#000000;font-size:clamp(14px, 0.875rem + ((1vw - 3.2px) * 0.455), 18px);line-height:1.9\"><\/p>\n<\/div>\n\n\n\n<div class=\"wp-block-column is-layout-flow wp-block-column-is-layout-flow\" style=\"flex-basis:60px\"><\/div>\n<\/div>\n<\/div>\n<\/div>\n\n\n\n<div class=\"wp-block-columns is-layout-flex wp-container-core-columns-is-layout-f2b4f319 wp-block-columns-is-layout-flex\">\n<div class=\"wp-block-column is-layout-flow wp-block-column-is-layout-flow\">\n<div class=\"wp-block-columns is-layout-flex wp-container-core-columns-is-layout-33ba964e wp-block-columns-is-layout-flex\">\n<div class=\"wp-block-column is-layout-flow wp-container-core-column-is-layout-b15f4bf2 wp-block-column-is-layout-flow\" style=\"flex-basis:80%\">\n<h4 class=\"wp-block-heading has-text-color\" style=\"color:#000000;margin-bottom:0px;font-size:clamp(14px, 0.875rem + ((1vw - 3.2px) * 0.682), 20px);font-style:normal;font-weight:700;line-height:1.4\">Tajine de b\u0153uf aux pruneaux et abricots secs en canap\u00e9<\/h4>\n\n\n\n<p class=\"has-text-color\" style=\"color:#000000;font-size:clamp(14px, 0.875rem + ((1vw - 3.2px) * 0.455), 18px);line-height:1.9\"><\/p>\n<\/div>\n\n\n\n<div class=\"wp-block-column is-layout-flow wp-container-core-column-is-layout-b15f4bf2 wp-block-column-is-layout-flow\" style=\"flex-basis:80%\">\n<h4 class=\"wp-block-heading has-text-color\" style=\"color:#000000;margin-bottom:0px;font-size:clamp(14px, 0.875rem + ((1vw - 3.2px) * 0.682), 20px);font-style:normal;font-weight:700;line-height:1.4\">Tajine de <em>sardines hach\u00e9es \u00e0 la Souiri<\/em> en canap\u00e9 <\/h4>\n\n\n\n<p class=\"has-text-color\" style=\"color:#000000;font-size:clamp(14px, 0.875rem + ((1vw - 3.2px) * 0.455), 18px);line-height:1.9\"><\/p>\n<\/div>\n\n\n\n<div class=\"wp-block-column is-layout-flow wp-block-column-is-layout-flow\" style=\"flex-basis:60px\"><\/div>\n<\/div>\n<\/div>\n<\/div>\n\n\n\n<div class=\"wp-block-columns is-layout-flex wp-container-core-columns-is-layout-f2b4f319 wp-block-columns-is-layout-flex\">\n<div class=\"wp-block-column is-layout-flow wp-block-column-is-layout-flow\">\n<div class=\"wp-block-columns is-layout-flex wp-container-core-columns-is-layout-33ba964e wp-block-columns-is-layout-flex\">\n<div class=\"wp-block-column is-layout-flow wp-container-core-column-is-layout-b15f4bf2 wp-block-column-is-layout-flow\" style=\"flex-basis:80%\">\n<h4 class=\"wp-block-heading has-text-color\" style=\"color:#000000;margin-bottom:0px;font-size:clamp(14px, 0.875rem + ((1vw - 3.2px) * 0.682), 20px);font-style:normal;font-weight:700;line-height:1.4\">Tajine de poulet aux olives et citron confit en bouch\u00e9e<\/h4>\n\n\n\n<p class=\"has-text-color\" style=\"color:#000000;font-size:clamp(14px, 0.875rem + ((1vw - 3.2px) * 0.455), 18px);line-height:1.9\"><\/p>\n<\/div>\n\n\n\n<div class=\"wp-block-column is-layout-flow wp-container-core-column-is-layout-b15f4bf2 wp-block-column-is-layout-flow\" style=\"flex-basis:80%\">\n<h4 class=\"wp-block-heading has-text-color\" style=\"color:#000000;margin-bottom:0px;font-size:clamp(14px, 0.875rem + ((1vw - 3.2px) * 0.682), 20px);font-style:normal;font-weight:700;line-height:1.4\">Mini couscous au poulet et l\u00e9gumes<\/h4>\n\n\n\n<p class=\"has-text-color\" style=\"color:#000000;font-size:clamp(14px, 0.875rem + ((1vw - 3.2px) * 0.455), 18px);line-height:1.9\"><\/p>\n<\/div>\n\n\n\n<div class=\"wp-block-column is-layout-flow wp-block-column-is-layout-flow\" style=\"flex-basis:60px\"><\/div>\n<\/div>\n<\/div>\n<\/div>\n\n\n\n<h2 class=\"wp-block-heading has-text-align-center has-text-color\" style=\"color:#000000;margin-bottom:48px;font-size:clamp(23.043px, 1.44rem + ((1vw - 3.2px) * 1.7), 38px);font-style:normal;font-weight:700;line-height:1.3\"><strong>Pastillas et bouch\u00e9es croustillantes<\/strong><\/h2>\n\n\n\n<div class=\"wp-block-columns is-layout-flex wp-container-core-columns-is-layout-f2b4f319 wp-block-columns-is-layout-flex\">\n<div class=\"wp-block-column is-layout-flow wp-block-column-is-layout-flow\">\n<div class=\"wp-block-columns is-layout-flex wp-container-core-columns-is-layout-33ba964e wp-block-columns-is-layout-flex\">\n<div class=\"wp-block-column is-layout-flow wp-container-core-column-is-layout-b15f4bf2 wp-block-column-is-layout-flow\" style=\"flex-basis:80%\">\n<h4 class=\"wp-block-heading has-text-color\" style=\"color:#000000;margin-bottom:0px;font-size:clamp(14px, 0.875rem + ((1vw - 3.2px) * 0.682), 20px);font-style:normal;font-weight:700;line-height:1.4\">Mini pastilla aux fruits de mer<\/h4>\n\n\n\n<p class=\"has-text-color\" style=\"color:#000000;font-size:clamp(14px, 0.875rem + ((1vw - 3.2px) * 0.455), 18px);line-height:1.9\"><\/p>\n<\/div>\n\n\n\n<div class=\"wp-block-column is-layout-flow wp-container-core-column-is-layout-b15f4bf2 wp-block-column-is-layout-flow\" style=\"flex-basis:80%\">\n<h4 class=\"wp-block-heading has-text-color\" style=\"color:#000000;margin-bottom:0px;font-size:clamp(14px, 0.875rem + ((1vw - 3.2px) * 0.682), 20px);font-style:normal;font-weight:700;line-height:1.4\">Mini pastilla au poulet et amandes<\/h4>\n\n\n\n<p class=\"has-text-color\" style=\"color:#000000;font-size:clamp(14px, 0.875rem + ((1vw - 3.2px) * 0.455), 18px);line-height:1.9\"><\/p>\n<\/div>\n\n\n\n<div class=\"wp-block-column is-layout-flow wp-block-column-is-layout-flow\" style=\"flex-basis:60px\"><\/div>\n<\/div>\n<\/div>\n<\/div>\n\n\n\n<div class=\"wp-block-columns is-layout-flex wp-container-core-columns-is-layout-f2b4f319 wp-block-columns-is-layout-flex\">\n<div class=\"wp-block-column is-layout-flow wp-block-column-is-layout-flow\">\n<div class=\"wp-block-columns is-layout-flex wp-container-core-columns-is-layout-33ba964e wp-block-columns-is-layout-flex\">\n<div class=\"wp-block-column is-layout-flow wp-container-core-column-is-layout-b15f4bf2 wp-block-column-is-layout-flow\" style=\"flex-basis:80%\">\n<h4 class=\"wp-block-heading has-text-color\" style=\"color:#000000;margin-bottom:0px;font-size:clamp(14px, 0.875rem + ((1vw - 3.2px) * 0.682), 20px);font-style:normal;font-weight:700;line-height:1.4\">Briouates au fromage et \u00e9pinards<\/h4>\n\n\n\n<p class=\"has-text-color\" style=\"color:#000000;font-size:clamp(14px, 0.875rem + ((1vw - 3.2px) * 0.455), 18px);line-height:1.9\"><\/p>\n<\/div>\n\n\n\n<div class=\"wp-block-column is-layout-flow wp-container-core-column-is-layout-b15f4bf2 wp-block-column-is-layout-flow\" style=\"flex-basis:80%\">\n<h4 class=\"wp-block-heading has-text-color\" style=\"color:#000000;margin-bottom:0px;font-size:clamp(14px, 0.875rem + ((1vw - 3.2px) * 0.682), 20px);font-style:normal;font-weight:700;line-height:1.4\">Briouates de viande hach\u00e9e et l\u00e9gumes croquants<\/h4>\n\n\n\n<p class=\"has-text-color\" style=\"color:#000000;font-size:clamp(14px, 0.875rem + ((1vw - 3.2px) * 0.455), 18px);line-height:1.9\"><\/p>\n<\/div>\n\n\n\n<div class=\"wp-block-column is-layout-flow wp-block-column-is-layout-flow\" style=\"flex-basis:60px\"><\/div>\n<\/div>\n<\/div>\n<\/div>\n\n\n\n<div class=\"wp-block-columns is-layout-flex wp-container-core-columns-is-layout-f2b4f319 wp-block-columns-is-layout-flex\">\n<div class=\"wp-block-column is-layout-flow wp-block-column-is-layout-flow\">\n<div class=\"wp-block-columns is-layout-flex wp-container-core-columns-is-layout-33ba964e wp-block-columns-is-layout-flex\">\n<div class=\"wp-block-column is-layout-flow wp-container-core-column-is-layout-b15f4bf2 wp-block-column-is-layout-flow\" style=\"flex-basis:80%\">\n<h4 class=\"wp-block-heading has-text-color\" style=\"color:#000000;margin-bottom:0px;font-size:clamp(14px, 0.875rem + ((1vw - 3.2px) * 0.682), 20px);font-style:normal;font-weight:700;line-height:1.4\"><em>Roul\u00e9 de poulet fa\u00e7on pastilla aux \u00e9pices douces<\/em> (version sal\u00e9e)<\/h4>\n\n\n\n<p class=\"has-text-color\" style=\"color:#000000;font-size:clamp(14px, 0.875rem + ((1vw - 3.2px) * 0.455), 18px);line-height:1.9\"><\/p>\n<\/div>\n\n\n\n<div class=\"wp-block-column is-layout-flow wp-container-core-column-is-layout-b15f4bf2 wp-block-column-is-layout-flow\" style=\"flex-basis:80%\">\n<h4 class=\"wp-block-heading has-text-color\" style=\"color:#000000;margin-bottom:0px;font-size:clamp(14px, 0.875rem + ((1vw - 3.2px) * 0.682), 20px);font-style:normal;font-weight:700;line-height:1.4\"><em>Roul\u00e9 de poulet fa\u00e7on pastilla aux \u00e9pices douces<\/em> (version sal\u00e9e)<\/h4>\n\n\n\n<p class=\"has-text-color\" style=\"color:#000000;font-size:clamp(14px, 0.875rem + ((1vw - 3.2px) * 0.455), 18px);line-height:1.9\"><\/p>\n<\/div>\n\n\n\n<div class=\"wp-block-column is-layout-flow wp-block-column-is-layout-flow\" style=\"flex-basis:60px\"><\/div>\n<\/div>\n<\/div>\n<\/div>\n\n\n\n<div class=\"wp-block-columns is-layout-flex wp-container-core-columns-is-layout-33ba964e wp-block-columns-is-layout-flex\">\n<div class=\"wp-block-column is-layout-flow wp-container-core-column-is-layout-b15f4bf2 wp-block-column-is-layout-flow\" style=\"flex-basis:80%\">\n<h4 class=\"wp-block-heading has-text-align-center has-text-color\" style=\"color:#000000;margin-bottom:0px;font-size:clamp(14px, 0.875rem + ((1vw - 3.2px) * 0.682), 20px);font-style:normal;font-weight:700;line-height:1.4\">Cigares de riz parfum\u00e9s \u00e0 la cannelle<\/h4>\n\n\n\n<p class=\"has-text-color\" style=\"color:#000000;font-size:clamp(14px, 0.875rem + ((1vw - 3.2px) * 0.455), 18px);line-height:1.9\"><\/p>\n<\/div>\n\n\n\n<div class=\"wp-block-column is-layout-flow wp-block-column-is-layout-flow\" style=\"flex-basis:60px\"><\/div>\n<\/div>\n\n\n\n<h2 class=\"wp-block-heading has-text-align-center has-text-color\" style=\"color:#000000;margin-bottom:48px;font-size:clamp(23.043px, 1.44rem + ((1vw - 3.2px) * 1.7), 38px);font-style:normal;font-weight:700;line-height:1.3\"><strong>Douceurs orientales<\/strong><\/h2>\n\n\n\n<div class=\"wp-block-columns is-layout-flex wp-container-core-columns-is-layout-f2b4f319 wp-block-columns-is-layout-flex\">\n<div class=\"wp-block-column is-layout-flow wp-block-column-is-layout-flow\">\n<div class=\"wp-block-columns is-layout-flex wp-container-core-columns-is-layout-33ba964e wp-block-columns-is-layout-flex\">\n<div class=\"wp-block-column is-layout-flow wp-container-core-column-is-layout-b15f4bf2 wp-block-column-is-layout-flow\" style=\"flex-basis:80%\">\n<h4 class=\"wp-block-heading has-text-color\" style=\"color:#000000;margin-bottom:0px;font-size:clamp(14px, 0.875rem + ((1vw - 3.2px) * 0.682), 20px);font-style:normal;font-weight:700;line-height:1.4\"><em>Mhalabia aux parfums d\u2019Orient<\/em> <br>(cr\u00e8me dessert \u00e0 la fleur d\u2019oranger)<\/h4>\n\n\n\n<p class=\"has-text-color\" style=\"color:#000000;font-size:clamp(14px, 0.875rem + ((1vw - 3.2px) * 0.455), 18px);line-height:1.9\"><\/p>\n<\/div>\n\n\n\n<div class=\"wp-block-column is-layout-flow wp-container-core-column-is-layout-b15f4bf2 wp-block-column-is-layout-flow\" style=\"flex-basis:80%\">\n<h4 class=\"wp-block-heading has-text-color\" style=\"color:#000000;margin-bottom:0px;font-size:clamp(14px, 0.875rem + ((1vw - 3.2px) * 0.682), 20px);font-style:normal;font-weight:700;line-height:1.4\">Basboussa aux amandes grill\u00e9es<\/h4>\n\n\n\n<p class=\"has-text-color\" style=\"color:#000000;font-size:clamp(14px, 0.875rem + ((1vw - 3.2px) * 0.455), 18px);line-height:1.9\"><\/p>\n<\/div>\n\n\n\n<div class=\"wp-block-column is-layout-flow wp-block-column-is-layout-flow\" style=\"flex-basis:60px\"><\/div>\n<\/div>\n<\/div>\n<\/div>\n\n\n\n<h4 class=\"wp-block-heading has-text-align-center has-text-color\" style=\"color:#000000;margin-bottom:0px;font-size:clamp(14px, 0.875rem + ((1vw - 3.2px) * 0.682), 20px);font-style:normal;font-weight:700;line-height:1.4\">Salade d&rsquo;oranges fra\u00eeches \u00e0 la cannelle<\/h4>\n\n\n\n<p><\/p>\n\n\n\n<div class=\"wp-block-group is-nowrap is-layout-flex wp-container-core-group-is-layout-f8ce51fb wp-block-group-is-layout-flex\" style=\"padding-top:var(--wp--preset--spacing--30);padding-bottom:var(--wp--preset--spacing--30)\"><\/div>\n\n\n\n<ul class=\"wp-block-list\">\n<li style=\"margin-top:0;margin-bottom:0\"><strong>Des options v\u00e9g\u00e9tariennes et v\u00e9ganes sont disponibles sur demande<\/strong>.<\/li>\n<\/ul>\n\n\n\n<ul class=\"wp-block-list\">\n<li><strong>Notre offre tarifaire vous sera communiqu\u00e9e en fonction du nombre de personnes et des plats s\u00e9lectionn\u00e9s.<\/strong><\/li>\n<\/ul>\n\n\n\n<div class=\"wp-block-group is-nowrap is-layout-flex wp-container-core-group-is-layout-6c531013 wp-block-group-is-layout-flex\">\n<figure class=\"wp-block-image size-full is-resized\"><img loading=\"lazy\" decoding=\"async\" width=\"214\" height=\"216\" src=\"https:\/\/atlastaste.ca\/wp-content\/uploads\/2024\/11\/abder-aide.png\" alt=\"\" class=\"wp-image-546\" style=\"width:92px;height:auto\" srcset=\"https:\/\/atlastaste.ca\/wp-content\/uploads\/2024\/11\/abder-aide.png 214w, https:\/\/atlastaste.ca\/wp-content\/uploads\/2024\/11\/abder-aide-150x150.png 150w\" sizes=\"auto, (max-width: 214px) 100vw, 214px\" \/><\/figure>\n\n\n\n<p class=\"has-text-align-left has-text-color has-link-color wp-elements-b458fb0ed70476aa76d9df22c72df1f1\" style=\"color:#c21d1d;margin-top:var(--wp--preset--spacing--50);margin-right:0;margin-bottom:var(--wp--preset--spacing--50);margin-left:0\"><strong>Vous avez besoin d\u2019aide ? Notre chef trilingue est \u00e0 votre disposition pour vous aider \u00e0 affiner votre s\u00e9lection et personnaliser votre menu.<\/strong><\/p>\n<\/div>\n\n\n\n<p><\/p>\n<\/div><\/div>\n\n\n\n<div class=\"wp-block-cover alignfull has-custom-content-position is-position-bottom-center\" style=\"margin-top:0;margin-bottom:0;padding-top:150px;padding-bottom:150px\"><span aria-hidden=\"true\" class=\"wp-block-cover__background has-black-background-color has-background-dim-60 has-background-dim\"><\/span><img loading=\"lazy\" decoding=\"async\" width=\"1920\" height=\"2560\" class=\"wp-block-cover__image-background wp-image-428\" alt=\"\" src=\"https:\/\/atlastaste.ca\/wp-content\/uploads\/2024\/10\/chloe-lefleur-sM5Z0L4E7Lo-unsplash.jpg\" style=\"object-position:48% 46%\" data-object-fit=\"cover\" data-object-position=\"48% 46%\" srcset=\"https:\/\/atlastaste.ca\/wp-content\/uploads\/2024\/10\/chloe-lefleur-sM5Z0L4E7Lo-unsplash.jpg 1920w, https:\/\/atlastaste.ca\/wp-content\/uploads\/2024\/10\/chloe-lefleur-sM5Z0L4E7Lo-unsplash-225x300.jpg 225w, https:\/\/atlastaste.ca\/wp-content\/uploads\/2024\/10\/chloe-lefleur-sM5Z0L4E7Lo-unsplash-768x1024.jpg 768w, https:\/\/atlastaste.ca\/wp-content\/uploads\/2024\/10\/chloe-lefleur-sM5Z0L4E7Lo-unsplash-1152x1536.jpg 1152w, https:\/\/atlastaste.ca\/wp-content\/uploads\/2024\/10\/chloe-lefleur-sM5Z0L4E7Lo-unsplash-1536x2048.jpg 1536w\" sizes=\"auto, (max-width: 1920px) 100vw, 1920px\" \/><div class=\"wp-block-cover__inner-container has-global-padding is-layout-constrained wp-container-core-cover-is-layout-565f2eb5 wp-block-cover-is-layout-constrained\">\n<h1 class=\"wp-block-heading has-text-align-center has-text-color\" style=\"color:#ffffff;font-size:clamp(28.836px, 1.802rem + ((1vw - 3.2px) * 2.405), 50px);font-style:normal;font-weight:700;line-height:1.1\">Place your order now !<\/h1>\n\n\n\n<p class=\"has-text-align-center has-text-color\" style=\"color:#ffffff;margin-top:30px;margin-right:0;font-size:clamp(17.371px, 1.086rem + ((1vw - 3.2px) * 1.094), 27px);line-height:1.8\">Free delivery in Ottawa and Gatineau every weekend on purchases of $100 and over  <\/p>\n\n\n\n<div class=\"wp-block-columns is-layout-flex wp-container-core-columns-is-layout-394952b5 wp-block-columns-is-layout-flex\">\n<div class=\"wp-block-column is-vertically-aligned-top has-global-padding is-layout-constrained wp-container-core-column-is-layout-d4f51017 wp-block-column-is-layout-constrained\" style=\"padding-left:1rem\">\n<div class=\"wp-block-columns is-not-stacked-on-mobile is-layout-flex wp-container-core-columns-is-layout-7e464bea wp-block-columns-is-layout-flex\">\n<div class=\"wp-block-column is-layout-flow wp-block-column-is-layout-flow\" style=\"flex-basis:20%\">\n<figure class=\"wp-block-image size-full is-resized\"><img loading=\"lazy\" decoding=\"async\" width=\"500\" height=\"500\" src=\"https:\/\/atlastaste.ca\/wp-content\/uploads\/2024\/10\/Abder-1.png\" alt=\"\" class=\"wp-image-349\" style=\"width:80px;height:auto\" srcset=\"https:\/\/atlastaste.ca\/wp-content\/uploads\/2024\/10\/Abder-1.png 500w, https:\/\/atlastaste.ca\/wp-content\/uploads\/2024\/10\/Abder-1-300x300.png 300w, https:\/\/atlastaste.ca\/wp-content\/uploads\/2024\/10\/Abder-1-150x150.png 150w\" sizes=\"auto, (max-width: 500px) 100vw, 500px\" \/><\/figure>\n<\/div>\n\n\n\n<div class=\"wp-block-column is-layout-flow wp-block-column-is-layout-flow\" style=\"flex-basis:100%\">\n<h6 class=\"wp-block-heading has-text-align-left has-text-color\" style=\"color:#b0f4c5;margin-bottom:0.51rem;font-size:clamp(0.875rem, 0.875rem + ((1vw - 0.2rem) * 0.645), 1.23rem);font-style:normal;font-weight:400;line-height:1.3;text-transform:capitalize\"><strong>   Abder<\/strong><\/h6>\n\n\n\n<p class=\"has-text-align-left has-text-color has-link-color wp-elements-8178d014d95681b295439b13d4c90908\" style=\"color:#ffffff;margin-top:0px;margin-bottom:0.51rem;font-size:clamp(0.875em, 0.875rem + ((1vw - 0.2em) * 0.064), 0.91em);font-style:normal;font-weight:400;line-height:1.5;text-decoration:none\">    Phone : +1613.252.89.13<\/p>\n\n\n\n<p class=\"has-text-align-left has-text-color has-link-color wp-elements-1eacd8ccabdab6f1f5cdae2dd0031418\" style=\"color:#ffffff;margin-top:0px;font-size:clamp(0.875em, 0.875rem + ((1vw - 0.2em) * 0.064), 0.91em);font-style:normal;font-weight:400;line-height:1.5;text-decoration:none\">    Email : <a href=\"mailto:#\">abder<\/a>@atlastaste.ca<\/p>\n<\/div>\n<\/div>\n<\/div>\n\n\n\n<div class=\"wp-block-column is-vertically-aligned-top has-global-padding is-layout-constrained wp-container-core-column-is-layout-d4f51017 wp-block-column-is-layout-constrained\" style=\"padding-left:1rem\">\n<div class=\"wp-block-columns is-not-stacked-on-mobile is-layout-flex wp-container-core-columns-is-layout-7e464bea wp-block-columns-is-layout-flex\">\n<div class=\"wp-block-column is-layout-flow wp-block-column-is-layout-flow\" style=\"flex-basis:20%\">\n<figure class=\"wp-block-image size-full is-resized\"><img loading=\"lazy\" decoding=\"async\" width=\"500\" height=\"500\" src=\"https:\/\/atlastaste.ca\/wp-content\/uploads\/2024\/10\/chai-1.png\" alt=\"\" class=\"wp-image-350\" style=\"width:75px;height:auto\" srcset=\"https:\/\/atlastaste.ca\/wp-content\/uploads\/2024\/10\/chai-1.png 500w, https:\/\/atlastaste.ca\/wp-content\/uploads\/2024\/10\/chai-1-300x300.png 300w, https:\/\/atlastaste.ca\/wp-content\/uploads\/2024\/10\/chai-1-150x150.png 150w\" sizes=\"auto, (max-width: 500px) 100vw, 500px\" \/><\/figure>\n<\/div>\n\n\n\n<div class=\"wp-block-column is-layout-flow wp-block-column-is-layout-flow\" style=\"flex-basis:100%\">\n<h6 class=\"wp-block-heading has-text-align-left has-text-color\" style=\"color:#b0f4c5;margin-bottom:0.51rem;font-size:clamp(0.875rem, 0.875rem + ((1vw - 0.2rem) * 0.645), 1.23rem);font-style:normal;font-weight:400;line-height:1.3;text-transform:capitalize\">   <strong>Chaimae<\/strong><\/h6>\n\n\n\n<p class=\"has-text-align-left has-text-color has-link-color wp-elements-38933a406a5e2bf0a18322679d03d185\" style=\"color:#ffffff;margin-top:0px;margin-bottom:0.51rem;font-size:clamp(0.875em, 0.875rem + ((1vw - 0.2em) * 0.064), 0.91em);font-style:normal;font-weight:400;line-height:1.5;text-decoration:none\">    Phone : +1613.261.32.86<\/p>\n\n\n\n<p class=\"has-text-align-left has-text-color has-link-color wp-elements-488e4553135ee2262c3880656cfed17a\" style=\"color:#ffffff;margin-top:0px;font-size:clamp(0.875em, 0.875rem + ((1vw - 0.2em) * 0.064), 0.91em);font-style:normal;font-weight:400;line-height:1.5;text-decoration:none\">    Email : chaimae@atlastaste.ca<\/p>\n<\/div>\n<\/div>\n<\/div>\n<\/div>\n\n\n\n<div class=\"wp-block-buttons is-content-justification-center is-layout-flex wp-container-core-buttons-is-layout-660f9ef0 wp-block-buttons-is-layout-flex\" style=\"margin-top:40px\">\n<div class=\"wp-block-button has-custom-width wp-block-button__width-25\"><a class=\"wp-block-button__link has-text-color has-background has-link-color wp-element-button\" href=\"https:\/\/atlastaste.ca\/en\/parlons-saveurs\/\" style=\"color:#7d1515;background-color:#ffffff\">C&rsquo;est Parti !<\/a><\/div>\n<\/div>\n<\/div><\/div>\n\n\n\n<p><\/p>","protected":false},"excerpt":{"rendered":"","protected":false},"author":1,"featured_media":0,"parent":0,"menu_order":0,"comment_status":"closed","ping_status":"closed","template":"","meta":{"_monsterinsights_skip_tracking":false,"_monsterinsights_sitenote_active":false,"_monsterinsights_sitenote_note":"","_monsterinsights_sitenote_category":0,"footnotes":""},"class_list":["post-432","page","type-page","status-publish","hentry"],"aioseo_notices":[],"_links":{"self":[{"href":"https:\/\/atlastaste.ca\/en\/wp-json\/wp\/v2\/pages\/432","targetHints":{"allow":["GET"]}}],"collection":[{"href":"https:\/\/atlastaste.ca\/en\/wp-json\/wp\/v2\/pages"}],"about":[{"href":"https:\/\/atlastaste.ca\/en\/wp-json\/wp\/v2\/types\/page"}],"author":[{"embeddable":true,"href":"https:\/\/atlastaste.ca\/en\/wp-json\/wp\/v2\/users\/1"}],"replies":[{"embeddable":true,"href":"https:\/\/atlastaste.ca\/en\/wp-json\/wp\/v2\/comments?post=432"}],"version-history":[{"count":13,"href":"https:\/\/atlastaste.ca\/en\/wp-json\/wp\/v2\/pages\/432\/revisions"}],"predecessor-version":[{"id":553,"href":"https:\/\/atlastaste.ca\/en\/wp-json\/wp\/v2\/pages\/432\/revisions\/553"}],"wp:attachment":[{"href":"https:\/\/atlastaste.ca\/en\/wp-json\/wp\/v2\/media?parent=432"}],"curies":[{"name":"wp","href":"https:\/\/api.w.org\/{rel}","templated":true}]}}